{"id":90,"date":"2020-11-26T05:32:05","date_gmt":"2020-11-26T04:32:05","guid":{"rendered":"http:\/\/word.vraa-maskinstation.dk\/?page_id=90"},"modified":"2026-04-09T14:13:28","modified_gmt":"2026-04-09T12:13:28","slug":"velkommen","status":"publish","type":"page","link":"http:\/\/word.vraa-maskinstation.dk\/","title":{"rendered":"Vraa Maskinstation &#8211; landbrug, entrepren\u00f8r- og kloakarbejde."},"content":{"rendered":"\n<hr class=\"wp-block-separator has-text-color has-background has-light-gray-background-color has-light-gray-color is-style-wide\"\/>\n\n\n\n<div class=\"wp-block-group has-accent-color has-text-color has-background\" style=\"background-color:#eeeeee\"><div class=\"wp-block-group__inner-container\">\n<div style=\"height:50px\" aria-hidden=\"true\" class=\"wp-block-spacer\"><\/div>\n\n\n\n<h3 class=\"has-text-align-center\">Sk\u00e6ring og boring udf\u00f8res hos Vr\u00e5 Maskinstation.<\/h3>\n\n\n\n<div class=\"wp-block-columns\">\n<div class=\"wp-block-column\" style=\"flex-basis:66.66%\">\n<div class=\"wp-block-group\"><div class=\"wp-block-group__inner-container\">\n<blockquote class=\"wp-block-quote\"><p>St\u00e5r I med en sk\u00e6ring- eller boringsopgave ser vi gerne p\u00e5 opgaven.<\/p><cite>Vi kan tilbyde sk\u00e6ring af beton, asfalt og meget mere blandet andet armeret beton.<\/cite><\/blockquote>\n<\/div><\/div>\n\n\n\n<blockquote class=\"wp-block-quote\"><p>Derudover kan vi ogs\u00e5 udf\u00f8re boringsarbejde via diamantboring.  <\/p><\/blockquote>\n<\/div>\n\n\n\n<div class=\"wp-block-column\" style=\"flex-basis:33.33%\">\n<figure class=\"wp-block-video\"><video autoplay loop muted src=\"http:\/\/word.vraa-maskinstation.dk\/wp-content\/uploads\/2024\/11\/video000000.mp4\"><\/video><\/figure>\n<\/div>\n<\/div>\n\n\n\n<div class=\"wp-block-cover aligncenter has-background-dim-30 has-light-gray-background-color has-background-dim has-custom-content-position is-position-bottom-center\" style=\"background-image:url(http:\/\/word.vraa-maskinstation.dk\/wp-content\/uploads\/2024\/11\/Betonskaerer-1-1.png);background-position:0% 63%\"><div class=\"wp-block-cover__inner-container\">\n<p class=\"has-text-align-center\" style=\"font-size:34px\"><span class=\"has-inline-color has-white-color\"><sup><strong>Sk\u00e6ring af v\u00e6g beton hos IBF-Hj\u00f8rring.<\/strong><\/sup><\/span><\/p>\n<\/div><\/div>\n\n\n\n<div class=\"wp-block-buttons aligncenter\">\n<div class=\"wp-block-button is-style-outline\"><a class=\"wp-block-button__link\" href=\"http:\/\/word.vraa-maskinstation.dk\/?page_id=602\">SE MERE OM SK\u00c6RING- OG BORINGSARBEJDE HER<\/a><\/div>\n<\/div>\n\n\n\n<div style=\"height:50px\" aria-hidden=\"true\" class=\"wp-block-spacer\"><\/div>\n<\/div><\/div>\n\n\n\n<hr class=\"wp-block-separator has-text-color has-background has-light-gray-background-color has-light-gray-color is-style-default\"\/>\n\n\n\n<div class=\"wp-block-group has-background\" style=\"background-color:#eeeeee\"><div class=\"wp-block-group__inner-container\">\n<blockquote class=\"wp-block-quote is-style-default\"><p>Vi st\u00e5r klar til at hj\u00e6lpe med b\u00e5de store og sm\u00e5 arbejdsopgaver indenfor for b\u00e5de entrepren\u00f8r, landbrug  og kloakarbejde med uddannet Kloakmester.<\/p><p>Vores engagerede, uddannede og erfarende medarbejder garantere det aftalte resultatet.  &#8211; Opgaverne udf\u00f8res af h\u00f8jt kompetente medarbejder.<\/p><p>Vraa Maskinstation er medlem af  Danske Maskinstationer og Entrepren\u00f8rer, det holder os opdateret p\u00e5 sidste nye tiltage. <\/p><p>Vi holder os opdateret og omstillingsparat i en konstant forandrende verden.&nbsp;<\/p><p>&#8211; Vi giver gerne et uforpligtende tilbud.&nbsp;<\/p><\/blockquote>\n\n\n\n<div class=\"wp-block-columns\">\n<div class=\"wp-block-column\" style=\"flex-basis:66.66%\">\n<blockquote class=\"wp-block-quote\"><p>Hvis du st\u00e5r med en landbrugs, entrepren\u00f8r- eller kloakopgave s\u00e5 kontakt Vraa Maskinstation p\u00e5 telefon <strong>98 98 18 88<\/strong> eller mail <strong><a>info@vraa-maskinstation.dk<\/a><\/strong>. <\/p><p>Vi ser frem til at h\u00f8re fra dig og sammen finde den optimale l\u00f8sning af opgaven.&nbsp;<\/p><\/blockquote>\n<\/div>\n\n\n\n<div class=\"wp-block-column\" style=\"flex-basis:33.33%\">\n<div class=\"wp-block-image is-style-rounded\"><figure class=\"aligncenter size-large is-resized\"><img loading=\"lazy\" src=\"http:\/\/word.vraa-maskinstation.dk\/wp-content\/uploads\/2020\/11\/Soeren-Ulrik-Soerensen_MG_9476-copy-1024x1024.jpg\" alt=\"\" class=\"wp-image-99\" width=\"256\" height=\"256\" srcset=\"http:\/\/word.vraa-maskinstation.dk\/wp-content\/uploads\/2020\/11\/Soeren-Ulrik-Soerensen_MG_9476-copy-1024x1024.jpg 1024w, http:\/\/word.vraa-maskinstation.dk\/wp-content\/uploads\/2020\/11\/Soeren-Ulrik-Soerensen_MG_9476-copy-300x300.jpg 300w, http:\/\/word.vraa-maskinstation.dk\/wp-content\/uploads\/2020\/11\/Soeren-Ulrik-Soerensen_MG_9476-copy-150x150.jpg 150w, http:\/\/word.vraa-maskinstation.dk\/wp-content\/uploads\/2020\/11\/Soeren-Ulrik-Soerensen_MG_9476-copy-768x768.jpg 768w, http:\/\/word.vraa-maskinstation.dk\/wp-content\/uploads\/2020\/11\/Soeren-Ulrik-Soerensen_MG_9476-copy-1536x1536.jpg 1536w, http:\/\/word.vraa-maskinstation.dk\/wp-content\/uploads\/2020\/11\/Soeren-Ulrik-Soerensen_MG_9476-copy-2048x2048.jpg 2048w, http:\/\/word.vraa-maskinstation.dk\/wp-content\/uploads\/2020\/11\/Soeren-Ulrik-Soerensen_MG_9476-copy-676x676.jpg 676w\" sizes=\"(max-width: 256px) 100vw, 256px\" \/><figcaption><span class=\"has-inline-color has-accent-color\">S\u00f8ren Ulrik S\u00f8rensen,<br>Vraa Maskinstation<\/span><\/figcaption><\/figure><\/div>\n<\/div>\n<\/div>\n<\/div><\/div>\n\n\n\n<hr class=\"wp-block-separator has-text-color has-background has-light-gray-background-color has-light-gray-color is-style-default\"\/>\n\n\n\n<div class=\"wp-block-columns\"><\/div>\n\n\n\n<div class=\"wp-block-group\"><div class=\"wp-block-group__inner-container\">\n<p><\/p>\n<\/div><\/div>\n","protected":false},"excerpt":{"rendered":"","protected":false},"author":1,"featured_media":0,"parent":0,"menu_order":0,"comment_status":"closed","ping_status":"closed","template":"","meta":[],"_links":{"self":[{"href":"http:\/\/word.vraa-maskinstation.dk\/index.php?rest_route=\/wp\/v2\/pages\/90"}],"collection":[{"href":"http:\/\/word.vraa-maskinstation.dk\/index.php?rest_route=\/wp\/v2\/pages"}],"about":[{"href":"http:\/\/word.vraa-maskinstation.dk\/index.php?rest_route=\/wp\/v2\/types\/page"}],"author":[{"embeddable":true,"href":"http:\/\/word.vraa-maskinstation.dk\/index.php?rest_route=\/wp\/v2\/users\/1"}],"replies":[{"embeddable":true,"href":"http:\/\/word.vraa-maskinstation.dk\/index.php?rest_route=%2Fwp%2Fv2%2Fcomments&post=90"}],"version-history":[{"count":123,"href":"http:\/\/word.vraa-maskinstation.dk\/index.php?rest_route=\/wp\/v2\/pages\/90\/revisions"}],"predecessor-version":[{"id":736,"href":"http:\/\/word.vraa-maskinstation.dk\/index.php?rest_route=\/wp\/v2\/pages\/90\/revisions\/736"}],"wp:attachment":[{"href":"http:\/\/word.vraa-maskinstation.dk\/index.php?rest_route=%2Fwp%2Fv2%2Fmedia&parent=90"}],"curies":[{"name":"wp","href":"https:\/\/api.w.org\/{rel}","templated":true}]}}