{"id":45,"date":"2020-11-25T23:04:32","date_gmt":"2020-11-25T22:04:32","guid":{"rendered":"http:\/\/word.vraa-maskinstation.dk\/?page_id=45"},"modified":"2024-11-25T10:28:31","modified_gmt":"2024-11-25T09:28:31","slug":"jordarbejde","status":"publish","type":"page","link":"http:\/\/word.vraa-maskinstation.dk\/?page_id=45","title":{"rendered":"JORDARBEJDE"},"content":{"rendered":"\n<hr class=\"wp-block-separator has-text-color has-background has-light-gray-background-color has-light-gray-color is-style-wide\"\/>\n\n\n\n<div class=\"wp-block-cover\" style=\"background-image:url(http:\/\/word.vraa-maskinstation.dk\/wp-content\/uploads\/2020\/11\/4F13AE25-739E-4CF9-BBF8-235E39FA3694_1_201_a-scaled.jpeg);background-position:38% 47%;min-height:200px\"><div class=\"wp-block-cover__inner-container\">\n<p class=\"has-text-align-center has-large-font-size\"><\/p>\n<\/div><\/div>\n\n\n<blockquote>\n<p><strong>Vi udf\u00f8re alle former for jordarbejde, og med \u00e5rs erfaring er vi det rettet valg hvis du st\u00e5r med en opgave der skal l\u00f8ses.\u00a0<\/strong><\/p>\n<p>Vi st\u00e5r klar, s\u00e5fremt det drejer sig om f\u00f8lgende.\u00a0<\/p>\n<ul>\n<li>Planering<\/li>\n<li>Omfartsdr\u00e6n<\/li>\n<li>Reparation af grusvej\u00a0<\/li>\n<li>Anl\u00e6gsarbejde, bel\u00e6gningsarbejde i indk\u00f8rsler og omkring bygninger<\/li>\n<li>Etablering af vejanl\u00e6g eller g\u00e5rdsplads\u00a0<\/li>\n<li>Udgravning til s\u00f8, gylletank eller plansilo<\/li>\n<\/ul>\n<p>Alt arbejde udf\u00f8res af erfarne og kompetente medarbejder, der maskinelt r\u00e5der over <strong>Volvo EC 160 fuldhydraulisk Gravmaskine, Volvo EC 19 Minigraver og Volvo EC 58 Midigraver, New Holland BB115 Rendegraver og Volvo L70 Gummiged.\u00a0<\/strong><\/p>\n<p>\u00a0<\/p>\n<\/blockquote>\n\n\n<hr class=\"wp-block-separator has-text-color has-background has-light-gray-background-color has-light-gray-color is-style-wide\"\/>\n\n\n\n<figure class=\"wp-block-video aligncenter\"><video autoplay loop muted src=\"http:\/\/word.vraa-maskinstation.dk\/wp-content\/uploads\/2024\/02\/Jordarbejde-video.mp4\"><\/video><\/figure>\n\n\n\n<hr class=\"wp-block-separator has-text-color has-background has-light-gray-background-color has-light-gray-color is-style-wide\"\/>\n","protected":false},"excerpt":{"rendered":"<p>Vi udf\u00f8re alle former for jordarbejde, og med \u00e5rs erfaring er vi det rettet valg hvis du st\u00e5r med en opgave der skal l\u00f8ses.\u00a0 Vi st\u00e5r klar, s\u00e5fremt det drejer sig om f\u00f8lgende.\u00a0 Planering Omfartsdr\u00e6n Reparation af grusvej\u00a0 Anl\u00e6gsarbejde, bel\u00e6gningsarbejde i indk\u00f8rsler og omkring bygninger Etablering af vejanl\u00e6g eller g\u00e5rdsplads\u00a0 Udgravning til s\u00f8, gylletank eller [&hellip;]<\/p>\n","protected":false},"author":1,"featured_media":0,"parent":0,"menu_order":0,"comment_status":"closed","ping_status":"closed","template":"","meta":[],"_links":{"self":[{"href":"http:\/\/word.vraa-maskinstation.dk\/index.php?rest_route=\/wp\/v2\/pages\/45"}],"collection":[{"href":"http:\/\/word.vraa-maskinstation.dk\/index.php?rest_route=\/wp\/v2\/pages"}],"about":[{"href":"http:\/\/word.vraa-maskinstation.dk\/index.php?rest_route=\/wp\/v2\/types\/page"}],"author":[{"embeddable":true,"href":"http:\/\/word.vraa-maskinstation.dk\/index.php?rest_route=\/wp\/v2\/users\/1"}],"replies":[{"embeddable":true,"href":"http:\/\/word.vraa-maskinstation.dk\/index.php?rest_route=%2Fwp%2Fv2%2Fcomments&post=45"}],"version-history":[{"count":7,"href":"http:\/\/word.vraa-maskinstation.dk\/index.php?rest_route=\/wp\/v2\/pages\/45\/revisions"}],"predecessor-version":[{"id":648,"href":"http:\/\/word.vraa-maskinstation.dk\/index.php?rest_route=\/wp\/v2\/pages\/45\/revisions\/648"}],"wp:attachment":[{"href":"http:\/\/word.vraa-maskinstation.dk\/index.php?rest_route=%2Fwp%2Fv2%2Fmedia&parent=45"}],"curies":[{"name":"wp","href":"https:\/\/api.w.org\/{rel}","templated":true}]}}