{"id":43,"date":"2020-11-25T23:04:32","date_gmt":"2020-11-25T22:04:32","guid":{"rendered":"http:\/\/word.vraa-maskinstation.dk\/?page_id=43"},"modified":"2024-02-20T10:55:48","modified_gmt":"2024-02-20T09:55:48","slug":"entreprenoer","status":"publish","type":"page","link":"http:\/\/word.vraa-maskinstation.dk\/?page_id=43","title":{"rendered":"ENTREPREN\u00d8R"},"content":{"rendered":"\n<hr class=\"wp-block-separator has-text-color has-background has-light-gray-background-color has-light-gray-color is-style-wide\"\/>\n\n\n\n<div class=\"wp-block-cover has-background-dim-10 has-background-dim\" style=\"background-image:url(http:\/\/word.vraa-maskinstation.dk\/wp-content\/uploads\/2020\/11\/IMG_1276-scaled.jpg);background-position:47% 58%;min-height:250px\"><div class=\"wp-block-cover__inner-container\">\n<p class=\"has-text-align-center has-large-font-size\"><\/p>\n<\/div><\/div>\n\n\n\n<hr class=\"wp-block-separator has-text-color has-background has-light-gray-background-color has-light-gray-color is-style-wide\"\/>\n\n\n\n<div class=\"wp-block-image\"><figure class=\"alignright size-large is-resized\"><img loading=\"lazy\" src=\"http:\/\/word.vraa-maskinstation.dk\/wp-content\/uploads\/2020\/11\/Kopi-af-ALT-LANDBRUGS-OG-ENTREPRENOeR-ARBEJDE-UDFOeRES-I-HELE-VENDSYSSEL-2.png\" alt=\"\" class=\"wp-image-123\" width=\"325\" height=\"325\" srcset=\"http:\/\/word.vraa-maskinstation.dk\/wp-content\/uploads\/2020\/11\/Kopi-af-ALT-LANDBRUGS-OG-ENTREPRENOeR-ARBEJDE-UDFOeRES-I-HELE-VENDSYSSEL-2.png 650w, http:\/\/word.vraa-maskinstation.dk\/wp-content\/uploads\/2020\/11\/Kopi-af-ALT-LANDBRUGS-OG-ENTREPRENOeR-ARBEJDE-UDFOeRES-I-HELE-VENDSYSSEL-2-300x300.png 300w, http:\/\/word.vraa-maskinstation.dk\/wp-content\/uploads\/2020\/11\/Kopi-af-ALT-LANDBRUGS-OG-ENTREPRENOeR-ARBEJDE-UDFOeRES-I-HELE-VENDSYSSEL-2-150x150.png 150w\" sizes=\"(max-width: 325px) 100vw, 325px\" \/><\/figure><\/div>\n\n\n<blockquote>\n<p>Vores entrepren\u00f8rafdeling vokser og vi tilbyder en bred vifte af entrepren\u00f8ropgaver s\u00e5som <strong><a href=\"http:\/\/word.vraa-maskinstation.dk\/?page_id=44\">kloakarbejde<\/a><\/strong>, <a href=\"http:\/\/word.vraa-maskinstation.dk\/?page_id=45\"><strong>jordarbejde<\/strong><\/a>, <strong><a href=\"http:\/\/word.vraa-maskinstation.dk\/?page_id=45\">bel\u00e6gningsarbejde,<\/a> <a href=\"http:\/\/word.vraa-maskinstation.dk\/?page_id=44\">diamantsk\u00e6ring og borring<\/a><\/strong> og <a href=\"http:\/\/word.vraa-maskinstation.dk\/?page_id=46\"><strong>snerydning<\/strong><\/a>.<\/p>\n<p><strong>Vi udf\u00f8rer entrepren\u00f8rarbejde for private s\u00e5vel erhverv og offentlige insititutioner i hele Vendsyssel.\u00a0<\/strong><\/p>\n<p>Vores kloakomr\u00e5de er h\u00f8jt prioriteret og st\u00e5r med<strong> nyuddannet autoriseret kloakmester<\/strong>, der udf\u00f8rer alle former for kloakarbejde. Vi er opdateret p\u00e5 nyeste krav og bekendtg\u00f8relser.\u00a0<\/p>\n<p>Hvis du st\u00e5r med en entrepren\u00f8r- eller kloakopgave s\u00e5 kontakt Vraa Maskinstation p\u00e5 telefon <strong>98 98 18 88<\/strong> eller mail <strong><a>info@vraa-maskinstation.dk<\/a><\/strong>. Vi ser frem til at h\u00f8re fra dig og sammen finde den optimale l\u00f8sning af opgaven.\u00a0<\/p>\n<\/blockquote>\n\n\n<hr class=\"wp-block-separator has-text-color has-background has-light-gray-background-color has-light-gray-color is-style-wide\"\/>\n\n\n\n<div class=\"wp-block-cover\" style=\"min-height:250px\"><video class=\"wp-block-cover__video-background\" autoplay muted loop playsinline src=\"http:\/\/word.vraa-maskinstation.dk\/wp-content\/uploads\/2020\/12\/IMG_1209-2.mov\"><\/video><div class=\"wp-block-cover__inner-container\">\n<p class=\"has-text-align-center has-large-font-size\"><\/p>\n<\/div><\/div>\n","protected":false},"excerpt":{"rendered":"<p>Vores entrepren\u00f8rafdeling vokser og vi tilbyder en bred vifte af entrepren\u00f8ropgaver s\u00e5som kloakarbejde, jordarbejde, bel\u00e6gningsarbejde, diamantsk\u00e6ring og borring og snerydning. Vi udf\u00f8rer entrepren\u00f8rarbejde for private s\u00e5vel erhverv og offentlige insititutioner i hele Vendsyssel.\u00a0 Vores kloakomr\u00e5de er h\u00f8jt prioriteret og st\u00e5r med nyuddannet autoriseret kloakmester, der udf\u00f8rer alle former for kloakarbejde. Vi er opdateret p\u00e5 nyeste [&hellip;]<\/p>\n","protected":false},"author":1,"featured_media":0,"parent":0,"menu_order":0,"comment_status":"closed","ping_status":"closed","template":"","meta":[],"_links":{"self":[{"href":"http:\/\/word.vraa-maskinstation.dk\/index.php?rest_route=\/wp\/v2\/pages\/43"}],"collection":[{"href":"http:\/\/word.vraa-maskinstation.dk\/index.php?rest_route=\/wp\/v2\/pages"}],"about":[{"href":"http:\/\/word.vraa-maskinstation.dk\/index.php?rest_route=\/wp\/v2\/types\/page"}],"author":[{"embeddable":true,"href":"http:\/\/word.vraa-maskinstation.dk\/index.php?rest_route=\/wp\/v2\/users\/1"}],"replies":[{"embeddable":true,"href":"http:\/\/word.vraa-maskinstation.dk\/index.php?rest_route=%2Fwp%2Fv2%2Fcomments&post=43"}],"version-history":[{"count":12,"href":"http:\/\/word.vraa-maskinstation.dk\/index.php?rest_route=\/wp\/v2\/pages\/43\/revisions"}],"predecessor-version":[{"id":471,"href":"http:\/\/word.vraa-maskinstation.dk\/index.php?rest_route=\/wp\/v2\/pages\/43\/revisions\/471"}],"wp:attachment":[{"href":"http:\/\/word.vraa-maskinstation.dk\/index.php?rest_route=%2Fwp%2Fv2%2Fmedia&parent=43"}],"curies":[{"name":"wp","href":"https:\/\/api.w.org\/{rel}","templated":true}]}}