{"id":42,"date":"2020-11-25T23:04:32","date_gmt":"2020-11-25T22:04:32","guid":{"rendered":"http:\/\/word.vraa-maskinstation.dk\/?page_id=42"},"modified":"2024-11-25T10:26:53","modified_gmt":"2024-11-25T09:26:53","slug":"draen-vandloeb","status":"publish","type":"page","link":"http:\/\/word.vraa-maskinstation.dk\/?page_id=42","title":{"rendered":"DR\u00c6N\/VANDL\u00d8B"},"content":{"rendered":"\n<hr class=\"wp-block-separator has-text-color has-background has-light-gray-background-color has-light-gray-color is-style-wide\"\/>\n\n\n\n<div class=\"wp-block-cover\" style=\"min-height:350px\"><video class=\"wp-block-cover__video-background\" autoplay muted loop playsinline src=\"http:\/\/word.vraa-maskinstation.dk\/wp-content\/uploads\/2021\/04\/Vraa-Maskinstation.mov\"><\/video><div class=\"wp-block-cover__inner-container\">\n<p class=\"has-text-align-center has-large-font-size\"><\/p>\n<\/div><\/div>\n\n\n\n<hr class=\"wp-block-separator has-text-color has-background has-light-gray-background-color has-light-gray-color is-style-wide\"\/>\n\n\n\n<div class=\"wp-block-image\"><figure class=\"alignright size-large is-resized\"><img loading=\"lazy\" src=\"http:\/\/word.vraa-maskinstation.dk\/wp-content\/uploads\/2020\/11\/Kopi-af-ALT-LANDBRUGS-OG-ENTREPRENOeR-ARBEJDE-UDFOeRES-I-HELE-VENDSYSSEL-5.png\" alt=\"\" class=\"wp-image-114\" width=\"325\" height=\"325\" srcset=\"http:\/\/word.vraa-maskinstation.dk\/wp-content\/uploads\/2020\/11\/Kopi-af-ALT-LANDBRUGS-OG-ENTREPRENOeR-ARBEJDE-UDFOeRES-I-HELE-VENDSYSSEL-5.png 650w, http:\/\/word.vraa-maskinstation.dk\/wp-content\/uploads\/2020\/11\/Kopi-af-ALT-LANDBRUGS-OG-ENTREPRENOeR-ARBEJDE-UDFOeRES-I-HELE-VENDSYSSEL-5-300x300.png 300w, http:\/\/word.vraa-maskinstation.dk\/wp-content\/uploads\/2020\/11\/Kopi-af-ALT-LANDBRUGS-OG-ENTREPRENOeR-ARBEJDE-UDFOeRES-I-HELE-VENDSYSSEL-5-150x150.png 150w\" sizes=\"(max-width: 325px) 100vw, 325px\" \/><\/figure><\/div>\n\n\n<blockquote>\n<p>Vi har stor ekspertise, viden og kendskab til dr\u00e6ningsarbejde og oprensning af vandl\u00f8b &#8211; samt spuling og reparation af dr\u00e6n.<\/p>\n<p>St\u00e5r du med et behov, er vi hos <strong>Vraa Maskinstation<\/strong> klar til at komme med forslag<\/p>\n<p>Vi er det fortrukne valg ved\u00a0<strong>oprensning af vandl\u00f8b, gr\u00f8fter og s\u00f8er<\/strong>, n\u00e5r behovet er der.<\/p>\n<p><strong>Opgaven udf\u00f8res med Volvo EC 160 gravmaskine med 190 cm bredde b\u00e6lter og 5,5 meter mejekurv, k\u00f8rt af erfarent og rutineret medarbejder der tager alle aspekter med i oprensingen af vandl\u00f8bet.<\/strong><\/p>\n<p><strong>Dr\u00e6ningsarbejde uf\u00f8res med dr\u00e6nkasse og ligeledes Volvo EC 160 gravmaskine, med vores rutineret medarbejder bag rattet.<\/strong><\/p>\n<p>St\u00e5r du med behov for dr\u00e6ning eller oprensning s\u00e5 kontakt Vraa Maskinstation &#8211; S\u00e5 bliver vi din fortrukne leverand\u00f8r p\u00e5 oprensning af vandl\u00f8b, gr\u00f8fter s\u00f8er osv. Telefon <strong>98 98 18 88<\/strong> eller mail <strong><a>info@vraa-maskinstation.dk<\/a><\/strong>.<\/p>\n<\/blockquote>\n\n\n<hr class=\"wp-block-separator has-text-color has-background has-light-gray-background-color has-light-gray-color is-style-wide\"\/>\n\n\n\n<figure class=\"wp-block-gallery columns-3 is-cropped\"><ul class=\"blocks-gallery-grid\"><li class=\"blocks-gallery-item\"><figure><a href=\"http:\/\/word.vraa-maskinstation.dk\/wp-content\/uploads\/2024\/02\/ec-58-001.jpg\"><img loading=\"lazy\" width=\"1024\" height=\"768\" src=\"http:\/\/word.vraa-maskinstation.dk\/wp-content\/uploads\/2024\/02\/ec-58-001-1024x768.jpg\" alt=\"\" data-id=\"529\" data-full-url=\"http:\/\/word.vraa-maskinstation.dk\/wp-content\/uploads\/2024\/02\/ec-58-001.jpg\" data-link=\"http:\/\/word.vraa-maskinstation.dk\/?attachment_id=529\" class=\"wp-image-529\" srcset=\"http:\/\/word.vraa-maskinstation.dk\/wp-content\/uploads\/2024\/02\/ec-58-001-1024x768.jpg 1024w, http:\/\/word.vraa-maskinstation.dk\/wp-content\/uploads\/2024\/02\/ec-58-001-300x225.jpg 300w, http:\/\/word.vraa-maskinstation.dk\/wp-content\/uploads\/2024\/02\/ec-58-001-768x576.jpg 768w, http:\/\/word.vraa-maskinstation.dk\/wp-content\/uploads\/2024\/02\/ec-58-001-1536x1152.jpg 1536w, http:\/\/word.vraa-maskinstation.dk\/wp-content\/uploads\/2024\/02\/ec-58-001-2048x1536.jpg 2048w, http:\/\/word.vraa-maskinstation.dk\/wp-content\/uploads\/2024\/02\/ec-58-001-676x507.jpg 676w\" sizes=\"(max-width: 1024px) 100vw, 1024px\" \/><\/a><\/figure><\/li><li class=\"blocks-gallery-item\"><figure><a href=\"http:\/\/word.vraa-maskinstation.dk\/wp-content\/uploads\/2024\/02\/vandloebsbillede-Kopi.jpg\"><img loading=\"lazy\" width=\"1024\" height=\"768\" src=\"http:\/\/word.vraa-maskinstation.dk\/wp-content\/uploads\/2024\/02\/vandloebsbillede-Kopi-1024x768.jpg\" alt=\"\" data-id=\"530\" data-full-url=\"http:\/\/word.vraa-maskinstation.dk\/wp-content\/uploads\/2024\/02\/vandloebsbillede-Kopi.jpg\" data-link=\"http:\/\/word.vraa-maskinstation.dk\/?attachment_id=530\" class=\"wp-image-530\" srcset=\"http:\/\/word.vraa-maskinstation.dk\/wp-content\/uploads\/2024\/02\/vandloebsbillede-Kopi-1024x768.jpg 1024w, http:\/\/word.vraa-maskinstation.dk\/wp-content\/uploads\/2024\/02\/vandloebsbillede-Kopi-300x225.jpg 300w, http:\/\/word.vraa-maskinstation.dk\/wp-content\/uploads\/2024\/02\/vandloebsbillede-Kopi-768x576.jpg 768w, http:\/\/word.vraa-maskinstation.dk\/wp-content\/uploads\/2024\/02\/vandloebsbillede-Kopi-1536x1152.jpg 1536w, http:\/\/word.vraa-maskinstation.dk\/wp-content\/uploads\/2024\/02\/vandloebsbillede-Kopi-2048x1536.jpg 2048w, http:\/\/word.vraa-maskinstation.dk\/wp-content\/uploads\/2024\/02\/vandloebsbillede-Kopi-676x507.jpg 676w\" sizes=\"(max-width: 1024px) 100vw, 1024px\" \/><\/a><\/figure><\/li><li class=\"blocks-gallery-item\"><figure><a href=\"http:\/\/word.vraa-maskinstation.dk\/wp-content\/uploads\/2021\/01\/Resized_20210118_124103.jpeg\"><img loading=\"lazy\" width=\"1024\" height=\"768\" src=\"http:\/\/word.vraa-maskinstation.dk\/wp-content\/uploads\/2021\/01\/Resized_20210118_124103-1024x768.jpeg\" alt=\"\" data-id=\"291\" data-full-url=\"http:\/\/word.vraa-maskinstation.dk\/wp-content\/uploads\/2021\/01\/Resized_20210118_124103.jpeg\" data-link=\"http:\/\/word.vraa-maskinstation.dk\/?attachment_id=291\" class=\"wp-image-291\" srcset=\"http:\/\/word.vraa-maskinstation.dk\/wp-content\/uploads\/2021\/01\/Resized_20210118_124103-1024x768.jpeg 1024w, http:\/\/word.vraa-maskinstation.dk\/wp-content\/uploads\/2021\/01\/Resized_20210118_124103-300x225.jpeg 300w, http:\/\/word.vraa-maskinstation.dk\/wp-content\/uploads\/2021\/01\/Resized_20210118_124103-768x576.jpeg 768w, http:\/\/word.vraa-maskinstation.dk\/wp-content\/uploads\/2021\/01\/Resized_20210118_124103-676x507.jpeg 676w, http:\/\/word.vraa-maskinstation.dk\/wp-content\/uploads\/2021\/01\/Resized_20210118_124103.jpeg 1152w\" sizes=\"(max-width: 1024px) 100vw, 1024px\" \/><\/a><\/figure><\/li><\/ul><\/figure>\n\n\n\n<hr class=\"wp-block-separator has-text-color has-background has-light-gray-background-color has-light-gray-color is-style-wide\"\/>\n","protected":false},"excerpt":{"rendered":"<p>Vi har stor ekspertise, viden og kendskab til dr\u00e6ningsarbejde og oprensning af vandl\u00f8b &#8211; samt spuling og reparation af dr\u00e6n. St\u00e5r du med et behov, er vi hos Vraa Maskinstation klar til at komme med forslag Vi er det fortrukne valg ved\u00a0oprensning af vandl\u00f8b, gr\u00f8fter og s\u00f8er, n\u00e5r behovet er der. Opgaven udf\u00f8res med Volvo [&hellip;]<\/p>\n","protected":false},"author":1,"featured_media":0,"parent":0,"menu_order":0,"comment_status":"closed","ping_status":"closed","template":"","meta":[],"_links":{"self":[{"href":"http:\/\/word.vraa-maskinstation.dk\/index.php?rest_route=\/wp\/v2\/pages\/42"}],"collection":[{"href":"http:\/\/word.vraa-maskinstation.dk\/index.php?rest_route=\/wp\/v2\/pages"}],"about":[{"href":"http:\/\/word.vraa-maskinstation.dk\/index.php?rest_route=\/wp\/v2\/types\/page"}],"author":[{"embeddable":true,"href":"http:\/\/word.vraa-maskinstation.dk\/index.php?rest_route=\/wp\/v2\/users\/1"}],"replies":[{"embeddable":true,"href":"http:\/\/word.vraa-maskinstation.dk\/index.php?rest_route=%2Fwp%2Fv2%2Fcomments&post=42"}],"version-history":[{"count":18,"href":"http:\/\/word.vraa-maskinstation.dk\/index.php?rest_route=\/wp\/v2\/pages\/42\/revisions"}],"predecessor-version":[{"id":646,"href":"http:\/\/word.vraa-maskinstation.dk\/index.php?rest_route=\/wp\/v2\/pages\/42\/revisions\/646"}],"wp:attachment":[{"href":"http:\/\/word.vraa-maskinstation.dk\/index.php?rest_route=%2Fwp%2Fv2%2Fmedia&parent=42"}],"curies":[{"name":"wp","href":"https:\/\/api.w.org\/{rel}","templated":true}]}}