{"id":37,"date":"2020-11-25T23:04:32","date_gmt":"2020-11-25T22:04:32","guid":{"rendered":"http:\/\/word.vraa-maskinstation.dk\/?page_id=37"},"modified":"2024-02-20T10:00:08","modified_gmt":"2024-02-20T09:00:08","slug":"saaning","status":"publish","type":"page","link":"http:\/\/word.vraa-maskinstation.dk\/?page_id=37","title":{"rendered":"S\u00c5NING"},"content":{"rendered":"\n<hr class=\"wp-block-separator has-text-color has-background has-light-gray-background-color has-light-gray-color is-style-wide\"\/>\n\n\n\n<div class=\"wp-block-cover\" style=\"background-image:url(http:\/\/word.vraa-maskinstation.dk\/wp-content\/uploads\/2020\/11\/IMG_1244-2-scaled.jpg);background-position:71% 60%;min-height:250px\"><div class=\"wp-block-cover__inner-container\">\n<p class=\"has-text-align-center has-large-font-size\"><\/p>\n<\/div><\/div>\n\n\n\n<hr class=\"wp-block-separator has-text-color has-background has-light-gray-background-color has-light-gray-color is-style-wide\"\/>\n\n\n\n<div class=\"wp-block-image is-style-rounded\"><figure class=\"aligncenter size-full\"><img loading=\"lazy\" width=\"1008\" height=\"567\" src=\"http:\/\/word.vraa-maskinstation.dk\/wp-content\/uploads\/2022\/04\/Resized_20220329_115544-edited.jpeg\" alt=\"\" class=\"wp-image-381\" srcset=\"http:\/\/word.vraa-maskinstation.dk\/wp-content\/uploads\/2022\/04\/Resized_20220329_115544-edited.jpeg 1008w, http:\/\/word.vraa-maskinstation.dk\/wp-content\/uploads\/2022\/04\/Resized_20220329_115544-edited-300x169.jpeg 300w, http:\/\/word.vraa-maskinstation.dk\/wp-content\/uploads\/2022\/04\/Resized_20220329_115544-edited-768x432.jpeg 768w, http:\/\/word.vraa-maskinstation.dk\/wp-content\/uploads\/2022\/04\/Resized_20220329_115544-edited-676x380.jpeg 676w\" sizes=\"(max-width: 1008px) 100vw, 1008px\" \/><figcaption>S\u00e5ning af korn med Vaderstad Rapid<\/figcaption><\/figure><\/div>\n\n\n<blockquote>\n<p>S\u00e5ning er et af vores specialomr\u00e5der hos Vraa Maskinstation.<\/p>\n<p><strong>Vi tilbyder s\u00e5ning af korn og gr\u00e6sarealer med Vadersted Rapid.<\/strong><\/p>\n<p>S\u00e5ning udf\u00f8res af vores erfarende og kompetente fagfolk p\u00e5 omr\u00e5det, hvor dine behov og \u00f8nsker altid kommer i f\u00f8rst r\u00e6kke.\u00a0<\/p>\n<\/blockquote>\n\n\n<hr class=\"wp-block-separator has-text-color has-background has-light-gray-background-color has-light-gray-color is-style-wide\"\/>\n","protected":false},"excerpt":{"rendered":"<p>S\u00e5ning er et af vores specialomr\u00e5der hos Vraa Maskinstation. Vi tilbyder s\u00e5ning af korn og gr\u00e6sarealer med Vadersted Rapid. S\u00e5ning udf\u00f8res af vores erfarende og kompetente fagfolk p\u00e5 omr\u00e5det, hvor dine behov og \u00f8nsker altid kommer i f\u00f8rst r\u00e6kke.\u00a0<\/p>\n","protected":false},"author":1,"featured_media":0,"parent":0,"menu_order":0,"comment_status":"closed","ping_status":"closed","template":"","meta":[],"_links":{"self":[{"href":"http:\/\/word.vraa-maskinstation.dk\/index.php?rest_route=\/wp\/v2\/pages\/37"}],"collection":[{"href":"http:\/\/word.vraa-maskinstation.dk\/index.php?rest_route=\/wp\/v2\/pages"}],"about":[{"href":"http:\/\/word.vraa-maskinstation.dk\/index.php?rest_route=\/wp\/v2\/types\/page"}],"author":[{"embeddable":true,"href":"http:\/\/word.vraa-maskinstation.dk\/index.php?rest_route=\/wp\/v2\/users\/1"}],"replies":[{"embeddable":true,"href":"http:\/\/word.vraa-maskinstation.dk\/index.php?rest_route=%2Fwp%2Fv2%2Fcomments&post=37"}],"version-history":[{"count":8,"href":"http:\/\/word.vraa-maskinstation.dk\/index.php?rest_route=\/wp\/v2\/pages\/37\/revisions"}],"predecessor-version":[{"id":460,"href":"http:\/\/word.vraa-maskinstation.dk\/index.php?rest_route=\/wp\/v2\/pages\/37\/revisions\/460"}],"wp:attachment":[{"href":"http:\/\/word.vraa-maskinstation.dk\/index.php?rest_route=%2Fwp%2Fv2%2Fmedia&parent=37"}],"curies":[{"name":"wp","href":"https:\/\/api.w.org\/{rel}","templated":true}]}}